{"id":2774,"date":"2021-02-16T08:04:07","date_gmt":"2021-02-16T06:04:07","guid":{"rendered":"https:\/\/prokuusamo.fi\/kuusamo-elaa-puhtaasta-luonnosta\/"},"modified":"2024-05-21T08:48:37","modified_gmt":"2024-05-21T05:48:37","slug":"kuusamo-elaa-puhtaasta-luonnosta","status":"publish","type":"page","link":"https:\/\/prokuusamo.fi\/fr\/","title":{"rendered":"Kuusamo Vit de la Nature Pure"},"content":{"rendered":"<ul>\n<li>\n<p>        <img decoding=\"async\" src=\"\/wp-content\/uploads\/2024\/05\/DSC6034.jpg\" alt=\"\"><\/p>\n<h3>_DSC6034<\/h3>\n<\/li>\n<li>\n<p>        <img decoding=\"async\" src=\"\/wp-content\/uploads\/2024\/05\/DSC6178.jpg\" alt=\"\"><\/p>\n<h3>_DSC6178<\/h3>\n<\/li>\n<li>\n<p>        <img decoding=\"async\" src=\"\/wp-content\/uploads\/2024\/05\/DSC6187.jpg\" alt=\"\"><\/p>\n<h3>_DSC6187<\/h3>\n<\/li>\n<li>\n<p>        <img decoding=\"async\" src=\"\/wp-content\/uploads\/2024\/05\/DSC7421.jpg\" alt=\"\"><\/p>\n<h3>_DSC7421<\/h3>\n<\/li>\n<li>\n<p>        <img decoding=\"async\" src=\"\/wp-content\/uploads\/2024\/05\/DSC9137.jpg\" alt=\"\"><\/p>\n<h3>_DSC9137<\/h3>\n<\/li>\n<\/ul>\n<h1>Kuusamo Vit de la Nature Pure<\/h1>\n<ul>\n<li>\n        <a href=\"\/fr\/pro-kuusamo-ry-en-bref\/\">PRO KUUSAMO en bref<\/a>\n    <\/li>\n<li>\n        <a href=\"\/fr\/projet-minier-de-juomasuo\/\">Project minier de Juomasuo<\/a>\n    <\/li>\n<li>\n        <a href=\"\/fr\/kartta\/\">Carte<\/a>\n    <\/li>\n<\/ul>\n<div>\n<p class=\"p1\">Pro Kuusamo fut fond\u00e9 en 2013 afin de prot\u00e9ger et de pr\u00e9server la nature ainsi que pour d\u00e9fendre de mani\u00e8re responsable les valeurs environnementales et culturelles de Kuusamo et de les communes avoisinantes.<\/p>\n<p class=\"p1\">La nature intacte de Kuusamo ainsi que sa comp\u00e9titivit\u00e9 en mati\u00e8re de possibilit\u00e9s touristiques doivent \u00eatre ch\u00e9ries et maintenues. Les conditions de vie essentielles et les possibilit\u00e9s d&#8217;emploi bas\u00e9es sur cet environnement unique doivent \u00e9galement \u00eatre d\u00e9velopp\u00e9es et pr\u00e9serv\u00e9es pour les\u00a0g\u00e9n\u00e9rations futures.<\/p>\n<p class=\"p1\">Comme le rappelle le fondateur et Pr\u00e9sident d\u2019honneur de Pro Kuusamo Ry, Mr Hannu Hautala ; \u00ab\u00a0Notre avenir est dans l&rsquo;or vert et les pentes blanches de Kuusamo\u00a0\u00bb.<\/p>\n<\/div>\n<div>\n<p><div data-url=\"https:\/\/issuu.com\/kaleva\/docs\/pro_kuusamo-vedos-final-final\" style=\"width: 500px; height: 368px;\" class=\"issuuembed\"><\/div>\n<p><script type=\"text\/javascript\" src=\"\/\/e.issuu.com\/embed.js\" async=\"true\"><\/script><\/p>\n<\/div>\n<p>\n    <a href=\"https:\/\/www.facebook.com\/prokuusamo\">Facebook<\/a>\n<\/p>\n<div>\n<div class=\"powr-social-feed\" id=\"e1491127_1613462361\"><\/div>\n<p><script src=\"https:\/\/www.powr.io\/powr.js?platform=wordpress\"><\/script><\/div>\n<p><!--more--><br \/>\n<!-- {\"type\":\"layout\",\"children\":[{\"type\":\"section\",\"props\":{\"height\":\"viewport\",\"height_offset_top\":true,\"height_viewport\":80,\"image_position\":\"center-center\",\"image_size\":\"cover\",\"padding\":\"none\",\"style\":\"default\",\"title_breakpoint\":\"xl\",\"title_position\":\"top-left\",\"title_rotation\":\"left\",\"vertical_align\":\"bottom\",\"width\":\"\"},\"children\":[{\"type\":\"row\",\"children\":[{\"type\":\"column\",\"props\":{\"image_position\":\"center-center\",\"position_sticky_breakpoint\":\"m\",\"text_color\":\"light\",\"vertical_align\":\"bottom\"},\"children\":[{\"type\":\"slideshow\",\"props\":{\"link_style\":\"default\",\"link_text\":\"Read more\",\"margin\":\"default\",\"meta_align\":\"below-title\",\"meta_element\":\"div\",\"meta_style\":\"text-meta\",\"nav\":\"dotnav\",\"nav_align\":\"center\",\"nav_breakpoint\":\"s\",\"nav_position\":\"bottom-center\",\"nav_position_margin\":\"medium\",\"overlay_animation\":\"parallax\",\"overlay_position\":\"center-left\",\"show_content\":true,\"show_link\":true,\"show_meta\":true,\"show_thumbnail\":true,\"show_title\":false,\"slidenav\":\"default\",\"slidenav_breakpoint\":\"s\",\"slidenav_margin\":\"medium\",\"slidenav_outside_breakpoint\":\"xl\",\"slideshow_autoplay\":true,\"slideshow_autoplay_pause\":true,\"slideshow_max_height\":\"600\",\"slideshow_min_height\":300,\"thumbnav_height\":\"75\",\"thumbnav_svg_color\":\"emphasis\",\"thumbnav_width\":\"100\",\"title_element\":\"h3\"},\"children\":[{\"type\":\"slideshow_item\",\"props\":{\"image\":\"wp-content\\\/uploads\\\/2024\\\/05\\\/DSC6034.jpg\",\"title\":\"_DSC6034\"}},{\"type\":\"slideshow_item\",\"props\":{\"image\":\"wp-content\\\/uploads\\\/2024\\\/05\\\/DSC6178.jpg\",\"title\":\"_DSC6178\"}},{\"type\":\"slideshow_item\",\"props\":{\"image\":\"wp-content\\\/uploads\\\/2024\\\/05\\\/DSC6187.jpg\",\"title\":\"_DSC6187\"}},{\"type\":\"slideshow_item\",\"props\":{\"image\":\"wp-content\\\/uploads\\\/2024\\\/05\\\/DSC7421.jpg\",\"title\":\"_DSC7421\"}},{\"type\":\"slideshow_item\",\"props\":{\"image\":\"wp-content\\\/uploads\\\/2024\\\/05\\\/DSC9137.jpg\",\"title\":\"_DSC9137\"}}]}]}],\"props\":{\"margin\":\"large\"}}]},{\"type\":\"section\",\"props\":{\"id\":\"luonto\",\"image_position\":\"center-center\",\"padding_remove_top\":true,\"style\":\"default\",\"title_breakpoint\":\"xl\",\"title_position\":\"top-left\",\"title_rotation\":\"left\",\"vertical_align\":\"middle\",\"width\":\"expand\"},\"children\":[{\"type\":\"row\",\"children\":[{\"type\":\"column\",\"props\":{\"image_position\":\"center-center\",\"position_sticky_breakpoint\":\"m\"},\"children\":[{\"type\":\"headline\",\"props\":{\"content\":\"Kuusamo Vit de la Nature Pure\",\"text_align\":\"center\",\"title_element\":\"h1\",\"title_style\":\"heading-small\"}},{\"type\":\"button\",\"props\":{\"grid_column_gap\":\"small\",\"grid_row_gap\":\"small\",\"margin\":\"small\",\"text_align\":\"center\"},\"children\":[{\"type\":\"button_item\",\"props\":{\"button_style\":\"default\",\"content\":\"PRO KUUSAMO en bref\",\"icon_align\":\"left\",\"link\":\"fr\\\/pro-kuusamo-ry-en-bref\\\/\"}},{\"type\":\"button_item\",\"props\":{\"button_style\":\"default\",\"content\":\"Project minier de Juomasuo\",\"icon_align\":\"left\",\"link\":\"fr\\\/projet-minier-de-juomasuo\\\/\"}},{\"type\":\"button_item\",\"props\":{\"button_style\":\"default\",\"content\":\"Carte\",\"icon_align\":\"left\",\"link\":\"fr\\\/kartta\\\/\"}}]}]}]}]},{\"type\":\"section\",\"props\":{\"image_position\":\"center-center\",\"overlap\":false,\"preserve_color\":true,\"style\":\"primary\",\"title_breakpoint\":\"xl\",\"title_position\":\"top-left\",\"title_rotation\":\"left\",\"vertical_align\":\"middle\",\"width\":\"default\"},\"children\":[{\"type\":\"row\",\"props\":{\"divider\":false,\"layout\":\"3-5,2-5\"},\"children\":[{\"type\":\"column\",\"props\":{\"image_position\":\"center-center\",\"position_sticky_breakpoint\":\"m\",\"width_medium\":\"3-5\"},\"children\":[{\"type\":\"text\",\"props\":{\"column_breakpoint\":\"m\",\"content\":\"\n\n<p class=\\\"p1\\\">Pro Kuusamo fut fond\\u00e9 en 2013 afin de prot\\u00e9ger et de pr\\u00e9server la nature ainsi que pour d\\u00e9fendre de mani\\u00e8re responsable les valeurs environnementales et culturelles de Kuusamo et de les communes avoisinantes.<\\\/p>\\n\n\n<p class=\\\"p1\\\">La nature intacte de Kuusamo ainsi que sa comp\\u00e9titivit\\u00e9 en mati\\u00e8re de possibilit\\u00e9s touristiques doivent \\u00eatre ch\\u00e9ries et maintenues. Les conditions de vie essentielles et les possibilit\\u00e9s d'emploi bas\\u00e9es sur cet environnement unique doivent \\u00e9galement \\u00eatre d\\u00e9velopp\\u00e9es et pr\\u00e9serv\\u00e9es pour les\\u00a0g\\u00e9n\\u00e9rations futures.<\\\/p>\\n\n\n<p class=\\\"p1\\\">Comme le rappelle le fondateur et Pr\\u00e9sident d\\u2019honneur de Pro Kuusamo Ry, Mr Hannu Hautala ; \\\"Notre avenir est dans l'or vert et les pentes blanches de Kuusamo\\\".<\\\/p>\",\"margin\":\"default\",\"text_style\":\"large\"}}]},{\"type\":\"column\",\"props\":{\"image_position\":\"center-center\",\"position_sticky_breakpoint\":\"m\",\"width_medium\":\"2-5\"},\"children\":[{\"type\":\"text\",\"props\":{\"column_breakpoint\":\"m\",\"content\":\"\n\n<p>https:\\\/\\\/issuu.com\\\/kaleva\\\/docs\\\/pro_kuusamo-vedos-final-final?fr=sMjA2NDYwNTYyNzY<\\\/p>\",\"margin\":\"default\"}}]}]}],\"name\":\"\\u00c4L\\u00c4\\u00a0KOSKE\"},{\"type\":\"section\",\"props\":{\"image_position\":\"center-center\",\"style\":\"secondary\",\"title_breakpoint\":\"xl\",\"title_position\":\"top-left\",\"title_rotation\":\"left\",\"vertical_align\":\"middle\",\"width\":\"default\"},\"children\":[{\"type\":\"row\",\"children\":[{\"type\":\"column\",\"props\":{\"image_position\":\"center-center\",\"position_sticky_breakpoint\":\"m\"},\"children\":[{\"type\":\"button\",\"props\":{\"grid_column_gap\":\"small\",\"grid_row_gap\":\"small\",\"margin\":\"default\",\"text_align\":\"center\"},\"children\":[{\"type\":\"button_item\",\"props\":{\"button_style\":\"default\",\"content\":\"Facebook\",\"icon\":\"facebook\",\"icon_align\":\"left\",\"link\":\"https:\\\/\\\/www.facebook.com\\\/prokuusamo\",\"link_target\":\"blank\"}}]},{\"type\":\"text\",\"props\":{\"column_breakpoint\":\"m\",\"content\":\"\n\n<div class=\\\"powr-social-feed\\\" id=\\\"e1491127_1613462361\\\"><\\\/div><script src=\\\"https:\\\/\\\/www.powr.io\\\/powr.js?platform=wordpress\\\"><\\\/script>\",\"margin\":\"default\"},\"name\":\"FAcebook sis\\u00e4lt\\u00f6\"}]}]}]}],\"version\":\"4.3.13\"} --><\/p>\n","protected":false},"excerpt":{"rendered":"<p>_DSC6034 _DSC6178 _DSC6187 _DSC7421 _DSC9137 Kuusamo Vit de la Nature Pure PRO KUUSAMO en bref Project minier de Juomasuo Carte Pro Kuusamo fut fond\u00e9 en 2013 afin de prot\u00e9ger et de pr\u00e9server la nature ainsi que pour d\u00e9fendre de mani\u00e8re responsable les valeurs environnementales et culturelles de Kuusamo et de les communes avoisinantes. La nature [&hellip;]<\/p>\n","protected":false},"author":1,"featured_media":0,"parent":0,"menu_order":0,"comment_status":"closed","ping_status":"closed","template":"","meta":{"footnotes":""},"class_list":["post-2774","page","type-page","status-publish","hentry"],"yoast_head":"<!-- This site is optimized with the Yoast SEO plugin v27.3 - https:\/\/yoast.com\/product\/yoast-seo-wordpress\/ -->\n<title>Kuusamo Vit de la Nature Pure - Pro Kuusamo<\/title>\n<meta name=\"robots\" content=\"index, follow, max-snippet:-1, max-image-preview:large, max-video-preview:-1\" \/>\n<link rel=\"canonical\" href=\"https:\/\/prokuusamo.fi\/fr\/\" \/>\n<meta property=\"og:locale\" content=\"fr_FR\" \/>\n<meta property=\"og:type\" content=\"article\" \/>\n<meta property=\"og:title\" content=\"Kuusamo Vit de la Nature Pure - Pro Kuusamo\" \/>\n<meta property=\"og:description\" content=\"_DSC6034 _DSC6178 _DSC6187 _DSC7421 _DSC9137 Kuusamo Vit de la Nature Pure PRO KUUSAMO en bref Project minier de Juomasuo Carte Pro Kuusamo fut fond\u00e9 en 2013 afin de prot\u00e9ger et de pr\u00e9server la nature ainsi que pour d\u00e9fendre de mani\u00e8re responsable les valeurs environnementales et culturelles de Kuusamo et de les communes avoisinantes. La nature [&hellip;]\" \/>\n<meta property=\"og:url\" content=\"https:\/\/prokuusamo.fi\/fr\/\" \/>\n<meta property=\"og:site_name\" content=\"Pro Kuusamo\" \/>\n<meta property=\"article:publisher\" content=\"https:\/\/www.facebook.com\/prokuusamo\" \/>\n<meta property=\"article:modified_time\" content=\"2024-05-21T05:48:37+00:00\" \/>\n<meta name=\"twitter:card\" content=\"summary_large_image\" \/>\n<meta name=\"twitter:label1\" content=\"Dur\u00e9e de lecture estim\u00e9e\" \/>\n\t<meta name=\"twitter:data1\" content=\"2 minutes\" \/>\n<script type=\"application\/ld+json\" class=\"yoast-schema-graph\">{\"@context\":\"https:\\\/\\\/schema.org\",\"@graph\":[{\"@type\":\"WebPage\",\"@id\":\"https:\\\/\\\/prokuusamo.fi\\\/fr\\\/\",\"url\":\"https:\\\/\\\/prokuusamo.fi\\\/fr\\\/\",\"name\":\"Kuusamo Vit de la Nature Pure - Pro Kuusamo\",\"isPartOf\":{\"@id\":\"https:\\\/\\\/prokuusamo.fi\\\/fr\\\/#website\"},\"datePublished\":\"2021-02-16T06:04:07+00:00\",\"dateModified\":\"2024-05-21T05:48:37+00:00\",\"breadcrumb\":{\"@id\":\"https:\\\/\\\/prokuusamo.fi\\\/fr\\\/#breadcrumb\"},\"inLanguage\":\"fr-FR\",\"potentialAction\":[{\"@type\":\"ReadAction\",\"target\":[\"https:\\\/\\\/prokuusamo.fi\\\/fr\\\/\"]}]},{\"@type\":\"BreadcrumbList\",\"@id\":\"https:\\\/\\\/prokuusamo.fi\\\/fr\\\/#breadcrumb\",\"itemListElement\":[{\"@type\":\"ListItem\",\"position\":1,\"name\":\"Etusivu\",\"item\":\"https:\\\/\\\/prokuusamo.fi\\\/fr\\\/\"},{\"@type\":\"ListItem\",\"position\":2,\"name\":\"Kuusamo Vit de la Nature Pure\"}]},{\"@type\":\"WebSite\",\"@id\":\"https:\\\/\\\/prokuusamo.fi\\\/fr\\\/#website\",\"url\":\"https:\\\/\\\/prokuusamo.fi\\\/fr\\\/\",\"name\":\"Pro Kuusamo\",\"description\":\"Kuusamo el\u00e4\u00e4 puhtaasta luonnosta\",\"publisher\":{\"@id\":\"https:\\\/\\\/prokuusamo.fi\\\/fr\\\/#organization\"},\"potentialAction\":[{\"@type\":\"SearchAction\",\"target\":{\"@type\":\"EntryPoint\",\"urlTemplate\":\"https:\\\/\\\/prokuusamo.fi\\\/fr\\\/?s={search_term_string}\"},\"query-input\":{\"@type\":\"PropertyValueSpecification\",\"valueRequired\":true,\"valueName\":\"search_term_string\"}}],\"inLanguage\":\"fr-FR\"},{\"@type\":\"Organization\",\"@id\":\"https:\\\/\\\/prokuusamo.fi\\\/fr\\\/#organization\",\"name\":\"Pro Kuusamo\",\"url\":\"https:\\\/\\\/prokuusamo.fi\\\/fr\\\/\",\"logo\":{\"@type\":\"ImageObject\",\"inLanguage\":\"fr-FR\",\"@id\":\"https:\\\/\\\/prokuusamo.fi\\\/fr\\\/#\\\/schema\\\/logo\\\/image\\\/\",\"url\":\"https:\\\/\\\/prokuusamo.fi\\\/wp-content\\\/uploads\\\/2021\\\/02\\\/prokuusamo_logo.jpg\",\"contentUrl\":\"https:\\\/\\\/prokuusamo.fi\\\/wp-content\\\/uploads\\\/2021\\\/02\\\/prokuusamo_logo.jpg\",\"width\":306,\"height\":600,\"caption\":\"Pro Kuusamo\"},\"image\":{\"@id\":\"https:\\\/\\\/prokuusamo.fi\\\/fr\\\/#\\\/schema\\\/logo\\\/image\\\/\"},\"sameAs\":[\"https:\\\/\\\/www.facebook.com\\\/prokuusamo\"]}]}<\/script>\n<!-- \/ Yoast SEO plugin. -->","yoast_head_json":{"title":"Kuusamo Vit de la Nature Pure - Pro Kuusamo","robots":{"index":"index","follow":"follow","max-snippet":"max-snippet:-1","max-image-preview":"max-image-preview:large","max-video-preview":"max-video-preview:-1"},"canonical":"https:\/\/prokuusamo.fi\/fr\/","og_locale":"fr_FR","og_type":"article","og_title":"Kuusamo Vit de la Nature Pure - Pro Kuusamo","og_description":"_DSC6034 _DSC6178 _DSC6187 _DSC7421 _DSC9137 Kuusamo Vit de la Nature Pure PRO KUUSAMO en bref Project minier de Juomasuo Carte Pro Kuusamo fut fond\u00e9 en 2013 afin de prot\u00e9ger et de pr\u00e9server la nature ainsi que pour d\u00e9fendre de mani\u00e8re responsable les valeurs environnementales et culturelles de Kuusamo et de les communes avoisinantes. La nature [&hellip;]","og_url":"https:\/\/prokuusamo.fi\/fr\/","og_site_name":"Pro Kuusamo","article_publisher":"https:\/\/www.facebook.com\/prokuusamo","article_modified_time":"2024-05-21T05:48:37+00:00","twitter_card":"summary_large_image","twitter_misc":{"Dur\u00e9e de lecture estim\u00e9e":"2 minutes"},"schema":{"@context":"https:\/\/schema.org","@graph":[{"@type":"WebPage","@id":"https:\/\/prokuusamo.fi\/fr\/","url":"https:\/\/prokuusamo.fi\/fr\/","name":"Kuusamo Vit de la Nature Pure - Pro Kuusamo","isPartOf":{"@id":"https:\/\/prokuusamo.fi\/fr\/#website"},"datePublished":"2021-02-16T06:04:07+00:00","dateModified":"2024-05-21T05:48:37+00:00","breadcrumb":{"@id":"https:\/\/prokuusamo.fi\/fr\/#breadcrumb"},"inLanguage":"fr-FR","potentialAction":[{"@type":"ReadAction","target":["https:\/\/prokuusamo.fi\/fr\/"]}]},{"@type":"BreadcrumbList","@id":"https:\/\/prokuusamo.fi\/fr\/#breadcrumb","itemListElement":[{"@type":"ListItem","position":1,"name":"Etusivu","item":"https:\/\/prokuusamo.fi\/fr\/"},{"@type":"ListItem","position":2,"name":"Kuusamo Vit de la Nature Pure"}]},{"@type":"WebSite","@id":"https:\/\/prokuusamo.fi\/fr\/#website","url":"https:\/\/prokuusamo.fi\/fr\/","name":"Pro Kuusamo","description":"Kuusamo el\u00e4\u00e4 puhtaasta luonnosta","publisher":{"@id":"https:\/\/prokuusamo.fi\/fr\/#organization"},"potentialAction":[{"@type":"SearchAction","target":{"@type":"EntryPoint","urlTemplate":"https:\/\/prokuusamo.fi\/fr\/?s={search_term_string}"},"query-input":{"@type":"PropertyValueSpecification","valueRequired":true,"valueName":"search_term_string"}}],"inLanguage":"fr-FR"},{"@type":"Organization","@id":"https:\/\/prokuusamo.fi\/fr\/#organization","name":"Pro Kuusamo","url":"https:\/\/prokuusamo.fi\/fr\/","logo":{"@type":"ImageObject","inLanguage":"fr-FR","@id":"https:\/\/prokuusamo.fi\/fr\/#\/schema\/logo\/image\/","url":"https:\/\/prokuusamo.fi\/wp-content\/uploads\/2021\/02\/prokuusamo_logo.jpg","contentUrl":"https:\/\/prokuusamo.fi\/wp-content\/uploads\/2021\/02\/prokuusamo_logo.jpg","width":306,"height":600,"caption":"Pro Kuusamo"},"image":{"@id":"https:\/\/prokuusamo.fi\/fr\/#\/schema\/logo\/image\/"},"sameAs":["https:\/\/www.facebook.com\/prokuusamo"]}]}},"_links":{"self":[{"href":"https:\/\/prokuusamo.fi\/fr\/wp-json\/wp\/v2\/pages\/2774","targetHints":{"allow":["GET"]}}],"collection":[{"href":"https:\/\/prokuusamo.fi\/fr\/wp-json\/wp\/v2\/pages"}],"about":[{"href":"https:\/\/prokuusamo.fi\/fr\/wp-json\/wp\/v2\/types\/page"}],"author":[{"embeddable":true,"href":"https:\/\/prokuusamo.fi\/fr\/wp-json\/wp\/v2\/users\/1"}],"replies":[{"embeddable":true,"href":"https:\/\/prokuusamo.fi\/fr\/wp-json\/wp\/v2\/comments?post=2774"}],"version-history":[{"count":5,"href":"https:\/\/prokuusamo.fi\/fr\/wp-json\/wp\/v2\/pages\/2774\/revisions"}],"predecessor-version":[{"id":2969,"href":"https:\/\/prokuusamo.fi\/fr\/wp-json\/wp\/v2\/pages\/2774\/revisions\/2969"}],"wp:attachment":[{"href":"https:\/\/prokuusamo.fi\/fr\/wp-json\/wp\/v2\/media?parent=2774"}],"curies":[{"name":"wp","href":"https:\/\/api.w.org\/{rel}","templated":true}]}}