{"id":2942,"date":"2021-02-16T10:12:03","date_gmt":"2021-02-16T08:12:03","guid":{"rendered":"https:\/\/prokuusamo.fi\/support-us\/"},"modified":"2024-05-14T15:53:43","modified_gmt":"2024-05-14T12:53:43","slug":"soutenez-nos-activites","status":"publish","type":"page","link":"https:\/\/prokuusamo.fi\/fr\/soutenez-nos-activites\/","title":{"rendered":"Soutenez nos activit\u00e9s!"},"content":{"rendered":"<h1>Soutenez nos activit\u00e9s!<\/h1>\n<div>\n<h2>Oui! Je veux prot\u00e9ger la nature de Kuusamo!<\/h2>\n<ul>\n<li>b\u00e9n\u00e9ficiaire: Pro Kuusamo Ry Association<\/li>\n<li>compte bancaire:\u00a0 FI52 5206 0920 0190 65<\/li>\n<li>r\u00e9f\u00e9rence: 422141<\/li>\n<li>permis de collecte de fonds (Finlande): RA\/2022\/1197<\/li>\n<\/ul>\n<\/div>\n<div>\n<h2>Adh<span lang=\"FR\">\u00e9sion et dons\u00a0<\/span>\u00e0 Pro Kuusamo Ry<\/h2>\n<p><span lang=\"FR\">Le financement de notre association provient des cotisations des membres, de la collecte de fonds, des\u00a0<\/span>dons et\u00a0<span lang=\"FR\">ne repose que sur le travail des\u00a0<\/span>b<span lang=\"FR\">\u00e9<\/span>n<span lang=\"FR\">\u00e9<\/span>vole<span lang=\"FR\">s. Jusqu&rsquo;<\/span>\u00e0 pr<span lang=\"FR\">\u00e9sent, nos frais d&rsquo;activit\u00e9 sont d\u2019environ de deux cent mille euros, principalement utilis\u00e9s pour couvrir\u00a0<\/span>les<span lang=\"FR\">\u00a0frais<\/span><span lang=\"FR\">\u00a0<\/span><span lang=\"FR\">juridiques<\/span>.<\/p>\n<p><span lang=\"FR\">Aujourd&rsquo;hui, Pro Kuusamo Ry compte plus de 1 100 membres, principalement des particuliers\u00a0 qui souhaitent\u00a0<\/span>pr<span lang=\"FR\">\u00e9server la nature unique de Kuusamo et ses moyens de subsistance durables.<\/span><\/p>\n<p><span lang=\"FR\">Nous organisons des \u00e9<\/span>v<span lang=\"FR\">\u00e9nements afin de fournir des informations sur les perspectives de d\u00e9veloppement des industries bas\u00e9es sur la nature et des nouvelles actualis\u00e9es li\u00e9<\/span>es \u00e0\u00a0<span lang=\"FR\">l&rsquo;activit\u00e9\u00a0<\/span>mini<span lang=\"IT\">\u00e8<\/span><span lang=\"FR\">re. Nous suivons les projets fonciers locaux et r\u00e9gionaux et les d\u00e9cisions des autorit\u00e9<\/span>s<span lang=\"FR\">\u00a0s\u2019y <\/span><span lang=\"FR\">rapportant. Nous informons et r\u00e9pondons aux questions de<\/span><span lang=\"PT\">\u00a0nos membres concernant<\/span><span lang=\"FR\">\u00a0l\u2019exploration mini<\/span><span lang=\"IT\">\u00e8<\/span>re,\u00a0<span lang=\"FR\">les\u00a0<\/span>d<span lang=\"FR\">\u00e9clarations et les rapports<\/span><span lang=\"FR\"><\/span><\/p>\n<p><a href=\"https:\/\/www.lyyti.in\/Jasenkaavake_9778\" target=\"_blank\" rel=\"noopener\"><span lang=\"FR\">Vous pouvez facilement devenir membre sur notre site Internet <\/span>\u00a0(fi)<\/a><\/p>\n<p><span lang=\"FR\">Vous pouvez \u00e9galement aider<span>\u00a0<\/span><\/span>\u00e0 prot<span lang=\"FR\">\u00e9ger la nature de Kuusamo en rejoignant<\/span><span>\u00a0<\/span>Pro Kuusamo Ry,<span>\u00a0<\/span><span lang=\"FR\">en t<\/span>ransmettant<span lang=\"FR\"><span>\u00a0<\/span>le message<span>\u00a0<\/span><\/span>\u00e0<span lang=\"FR\"><span>\u00a0<\/span>un<span>\u00a0<\/span><\/span>d<span lang=\"FR\">\u00e9<\/span><span lang=\"PT\">cideur,<span>\u00a0<\/span><\/span>envoyez<span>\u00a0<\/span><span lang=\"FR\">un message via<span>\u00a0<\/span><\/span>internet.<\/p>\n<p><span lang=\"FR\">Montrez l\u2019exemple : recyclez, utilisez les services et consommer<span>\u00a0<\/span><\/span>loca<span lang=\"FR\">l<\/span>.<\/p>\n<p>Le<span lang=\"FR\"><span>\u00a0<\/span>monde entier est ouvert aux r\u00e9seaux sociaux!<\/span><\/p>\n<\/div>\n<p><!--more--><br \/>\n<!-- {\"type\":\"layout\",\"children\":[{\"type\":\"section\",\"props\":{\"header_transparent\":true,\"height\":\"page\",\"image\":\"wp-content\\\/uploads\\\/2021\\\/02\\\/keijolehtimaki-prokuusamo-4.jpg\",\"image_position\":\"center-center\",\"image_size\":\"cover\",\"media_overlay\":\"rgba(255, 255, 255, 0.46)\",\"style\":\"secondary\",\"text_color\":\"dark\",\"title_breakpoint\":\"xl\",\"title_position\":\"top-left\",\"title_rotation\":\"left\",\"vertical_align\":\"middle\",\"width\":\"default\"},\"children\":[{\"type\":\"row\",\"children\":[{\"type\":\"column\",\"props\":{\"image_position\":\"center-center\",\"position_sticky_breakpoint\":\"m\"},\"children\":[{\"type\":\"headline\",\"props\":{\"block_align\":\"center\",\"content\":\"Soutenez nos activit\\u00e9s!\",\"maxwidth\":\"xlarge\",\"text_align\":\"center\",\"title_element\":\"h1\",\"title_style\":\"heading-small\"}}]}]}]},{\"type\":\"section\",\"props\":{\"image_position\":\"center-center\",\"style\":\"default\",\"title_breakpoint\":\"xl\",\"title_position\":\"top-left\",\"title_rotation\":\"left\",\"vertical_align\":\"middle\",\"width\":\"small\"},\"children\":[{\"type\":\"row\",\"children\":[{\"type\":\"column\",\"props\":{\"image_position\":\"center-center\",\"position_sticky_breakpoint\":\"m\"},\"children\":[{\"type\":\"text\",\"props\":{\"column_breakpoint\":\"m\",\"content\":\"\n\n<h2>Oui! Je veux prot\\u00e9ger la nature de Kuusamo!<\\\/h2>\\n\n\n<ul>\\n\n\n<li>b\\u00e9n\\u00e9ficiaire: Pro Kuusamo Ry Association<\\\/li>\\n\n\n<li>compte bancaire:\\u00a0 FI52 5206 0920 0190 65<\\\/li>\\n\n\n<li>r\\u00e9f\\u00e9rence: 422141<\\\/li>\\n\n\n<li>permis de collecte de fonds (Finlande): RA\\\/2022\\\/1197<\\\/li>\\n<\\\/ul>\",\"margin\":\"default\"}}]}]}]},{\"type\":\"section\",\"props\":{\"image_position\":\"center-center\",\"style\":\"muted\",\"title_breakpoint\":\"xl\",\"title_position\":\"top-left\",\"title_rotation\":\"left\",\"vertical_align\":\"middle\",\"width\":\"small\"},\"children\":[{\"type\":\"row\",\"children\":[{\"type\":\"column\",\"props\":{\"image_position\":\"center-center\",\"position_sticky_breakpoint\":\"m\"},\"children\":[{\"type\":\"text\",\"props\":{\"column_breakpoint\":\"m\",\"content\":\"\n\n<h2>Adh<span lang=\\\"FR\\\">\\u00e9sion et dons\\u00a0<\\\/span>\\u00e0 Pro Kuusamo Ry<\\\/h2>\\n\n\n<p><span lang=\\\"FR\\\">Le financement de notre association provient des cotisations des membres, de la collecte de fonds, des\\u00a0<\\\/span>dons et\\u00a0<span lang=\\\"FR\\\">ne repose que sur le travail des\\u00a0<\\\/span>b<span lang=\\\"FR\\\">\\u00e9<\\\/span>n<span lang=\\\"FR\\\">\\u00e9<\\\/span>vole<span lang=\\\"FR\\\">s. Jusqu'<\\\/span>\\u00e0 pr<span lang=\\\"FR\\\">\\u00e9sent, nos frais d'activit\\u00e9 sont d\\u2019environ de deux cent mille euros, principalement utilis\\u00e9s pour couvrir\\u00a0<\\\/span>les<span lang=\\\"FR\\\">\\u00a0frais<\\\/span><span lang=\\\"FR\\\">\\u00a0<\\\/span><span lang=\\\"FR\\\">juridiques<\\\/span>.<\\\/p>\\n\n\n<p><span lang=\\\"FR\\\">Aujourd'hui, Pro Kuusamo Ry compte plus de 1 100 membres, principalement des particuliers\\u00a0 qui souhaitent\\u00a0<\\\/span>pr<span lang=\\\"FR\\\">\\u00e9server la nature unique de Kuusamo et ses moyens de subsistance durables.<\\\/span><\\\/p>\\n\n\n<p><span lang=\\\"FR\\\">Nous organisons des \\u00e9<\\\/span>v<span lang=\\\"FR\\\">\\u00e9nements afin de fournir des informations sur les perspectives de d\\u00e9veloppement des industries bas\\u00e9es sur la nature et des nouvelles actualis\\u00e9es li\\u00e9<\\\/span>es \\u00e0\\u00a0<span lang=\\\"FR\\\">l'activit\\u00e9\\u00a0<\\\/span>mini<span lang=\\\"IT\\\">\\u00e8<\\\/span><span lang=\\\"FR\\\">re. Nous suivons les projets fonciers locaux et r\\u00e9gionaux et les d\\u00e9cisions des autorit\\u00e9<\\\/span>s<span lang=\\\"FR\\\">\\u00a0s\\u2019y <\\\/span><span lang=\\\"FR\\\">rapportant. Nous informons et r\\u00e9pondons aux questions de<\\\/span><span lang=\\\"PT\\\">\\u00a0nos membres concernant<\\\/span><span lang=\\\"FR\\\">\\u00a0l\\u2019exploration mini<\\\/span><span lang=\\\"IT\\\">\\u00e8<\\\/span>re,\\u00a0<span lang=\\\"FR\\\">les\\u00a0<\\\/span>d<span lang=\\\"FR\\\">\\u00e9clarations et les rapports<\\\/span><span lang=\\\"FR\\\"><\\\/span><\\\/p>\\n\n\n<p><a href=\\\"https:\\\/\\\/www.lyyti.in\\\/Jasenkaavake_9778\\\" target=\\\"_blank\\\" rel=\\\"noopener\\\"><span lang=\\\"FR\\\">Vous pouvez facilement devenir membre sur notre site Internet <\\\/span>\\u00a0(fi)<\\\/a><\\\/p>\\n\n\n<p><span lang=\\\"FR\\\">Vous pouvez \\u00e9galement aider<span>\\u00a0<\\\/span><\\\/span>\\u00e0 prot<span lang=\\\"FR\\\">\\u00e9ger la nature de Kuusamo en rejoignant<\\\/span><span>\\u00a0<\\\/span>Pro Kuusamo Ry,<span>\\u00a0<\\\/span><span lang=\\\"FR\\\">en t<\\\/span>ransmettant<span lang=\\\"FR\\\"><span>\\u00a0<\\\/span>le message<span>\\u00a0<\\\/span><\\\/span>\\u00e0<span lang=\\\"FR\\\"><span>\\u00a0<\\\/span>un<span>\\u00a0<\\\/span><\\\/span>d<span lang=\\\"FR\\\">\\u00e9<\\\/span><span lang=\\\"PT\\\">cideur,<span>\\u00a0<\\\/span><\\\/span>envoyez<span>\\u00a0<\\\/span><span lang=\\\"FR\\\">un message via<span>\\u00a0<\\\/span><\\\/span>internet.<\\\/p>\\n\n\n<p><span lang=\\\"FR\\\">Montrez l\\u2019exemple : recyclez, utilisez les services et consommer<span>\\u00a0<\\\/span><\\\/span>loca<span lang=\\\"FR\\\">l<\\\/span>.<\\\/p>\\n\n\n<p>Le<span lang=\\\"FR\\\"><span>\\u00a0<\\\/span>monde entier est ouvert aux r\\u00e9seaux sociaux!<\\\/span><\\\/p>\",\"margin\":\"default\"}}]}]}]},{\"type\":\"section\",\"props\":{\"image_position\":\"center-center\",\"status\":\"disabled\",\"style\":\"default\",\"title_breakpoint\":\"xl\",\"title_position\":\"top-left\",\"title_rotation\":\"left\",\"vertical_align\":\"middle\",\"width\":\"default\"},\"children\":[{\"type\":\"row\",\"children\":[{\"type\":\"column\",\"props\":{\"image_position\":\"center-center\",\"position_sticky_breakpoint\":\"m\"},\"children\":[{\"type\":\"image\",\"props\":{\"image\":\"wp-content\\\/uploads\\\/2021\\\/02\\\/ProK-aikajana.jpg\",\"image_svg_color\":\"emphasis\",\"margin\":\"default\",\"text_align\":\"center\"}}]}]}]}],\"version\":\"4.3.13\"} --><\/p>\n","protected":false},"excerpt":{"rendered":"<p>Soutenez nos activit\u00e9s! Oui! Je veux prot\u00e9ger la nature de Kuusamo! b\u00e9n\u00e9ficiaire: Pro Kuusamo Ry Association compte bancaire:\u00a0 FI52 5206 0920 0190 65 r\u00e9f\u00e9rence: 422141 permis de collecte de fonds (Finlande): RA\/2022\/1197 Adh\u00e9sion et dons\u00a0\u00e0 Pro Kuusamo Ry Le financement de notre association provient des cotisations des membres, de la collecte de fonds, des\u00a0dons et\u00a0ne [&hellip;]<\/p>\n","protected":false},"author":1,"featured_media":0,"parent":0,"menu_order":0,"comment_status":"closed","ping_status":"closed","template":"","meta":{"footnotes":""},"class_list":["post-2942","page","type-page","status-publish","hentry"],"yoast_head":"<!-- This site is optimized with the Yoast SEO plugin v27.3 - https:\/\/yoast.com\/product\/yoast-seo-wordpress\/ -->\n<title>Soutenez nos activit\u00e9s! - Pro Kuusamo<\/title>\n<meta name=\"robots\" content=\"index, follow, max-snippet:-1, max-image-preview:large, max-video-preview:-1\" \/>\n<link rel=\"canonical\" href=\"https:\/\/prokuusamo.fi\/fr\/soutenez-nos-activites\/\" \/>\n<meta property=\"og:locale\" content=\"fr_FR\" \/>\n<meta property=\"og:type\" content=\"article\" \/>\n<meta property=\"og:title\" content=\"Soutenez nos activit\u00e9s! - Pro Kuusamo\" \/>\n<meta property=\"og:description\" content=\"Soutenez nos activit\u00e9s! Oui! Je veux prot\u00e9ger la nature de Kuusamo! b\u00e9n\u00e9ficiaire: Pro Kuusamo Ry Association compte bancaire:\u00a0 FI52 5206 0920 0190 65 r\u00e9f\u00e9rence: 422141 permis de collecte de fonds (Finlande): RA\/2022\/1197 Adh\u00e9sion et dons\u00a0\u00e0 Pro Kuusamo Ry Le financement de notre association provient des cotisations des membres, de la collecte de fonds, des\u00a0dons et\u00a0ne [&hellip;]\" \/>\n<meta property=\"og:url\" content=\"https:\/\/prokuusamo.fi\/fr\/soutenez-nos-activites\/\" \/>\n<meta property=\"og:site_name\" content=\"Pro Kuusamo\" \/>\n<meta property=\"article:publisher\" content=\"https:\/\/www.facebook.com\/prokuusamo\" \/>\n<meta property=\"article:modified_time\" content=\"2024-05-14T12:53:43+00:00\" \/>\n<meta name=\"twitter:card\" content=\"summary_large_image\" \/>\n<meta name=\"twitter:label1\" content=\"Dur\u00e9e de lecture estim\u00e9e\" \/>\n\t<meta name=\"twitter:data1\" content=\"2 minutes\" \/>\n<script type=\"application\/ld+json\" class=\"yoast-schema-graph\">{\"@context\":\"https:\\\/\\\/schema.org\",\"@graph\":[{\"@type\":\"WebPage\",\"@id\":\"https:\\\/\\\/prokuusamo.fi\\\/fr\\\/soutenez-nos-activites\\\/\",\"url\":\"https:\\\/\\\/prokuusamo.fi\\\/fr\\\/soutenez-nos-activites\\\/\",\"name\":\"Soutenez nos activit\u00e9s! - Pro Kuusamo\",\"isPartOf\":{\"@id\":\"https:\\\/\\\/prokuusamo.fi\\\/fr\\\/#website\"},\"datePublished\":\"2021-02-16T08:12:03+00:00\",\"dateModified\":\"2024-05-14T12:53:43+00:00\",\"breadcrumb\":{\"@id\":\"https:\\\/\\\/prokuusamo.fi\\\/fr\\\/soutenez-nos-activites\\\/#breadcrumb\"},\"inLanguage\":\"fr-FR\",\"potentialAction\":[{\"@type\":\"ReadAction\",\"target\":[\"https:\\\/\\\/prokuusamo.fi\\\/fr\\\/soutenez-nos-activites\\\/\"]}]},{\"@type\":\"BreadcrumbList\",\"@id\":\"https:\\\/\\\/prokuusamo.fi\\\/fr\\\/soutenez-nos-activites\\\/#breadcrumb\",\"itemListElement\":[{\"@type\":\"ListItem\",\"position\":1,\"name\":\"Etusivu\",\"item\":\"https:\\\/\\\/prokuusamo.fi\\\/fr\\\/\"},{\"@type\":\"ListItem\",\"position\":2,\"name\":\"Soutenez nos activit\u00e9s!\"}]},{\"@type\":\"WebSite\",\"@id\":\"https:\\\/\\\/prokuusamo.fi\\\/fr\\\/#website\",\"url\":\"https:\\\/\\\/prokuusamo.fi\\\/fr\\\/\",\"name\":\"Pro Kuusamo\",\"description\":\"Kuusamo el\u00e4\u00e4 puhtaasta luonnosta\",\"publisher\":{\"@id\":\"https:\\\/\\\/prokuusamo.fi\\\/fr\\\/#organization\"},\"potentialAction\":[{\"@type\":\"SearchAction\",\"target\":{\"@type\":\"EntryPoint\",\"urlTemplate\":\"https:\\\/\\\/prokuusamo.fi\\\/fr\\\/?s={search_term_string}\"},\"query-input\":{\"@type\":\"PropertyValueSpecification\",\"valueRequired\":true,\"valueName\":\"search_term_string\"}}],\"inLanguage\":\"fr-FR\"},{\"@type\":\"Organization\",\"@id\":\"https:\\\/\\\/prokuusamo.fi\\\/fr\\\/#organization\",\"name\":\"Pro Kuusamo\",\"url\":\"https:\\\/\\\/prokuusamo.fi\\\/fr\\\/\",\"logo\":{\"@type\":\"ImageObject\",\"inLanguage\":\"fr-FR\",\"@id\":\"https:\\\/\\\/prokuusamo.fi\\\/fr\\\/#\\\/schema\\\/logo\\\/image\\\/\",\"url\":\"https:\\\/\\\/prokuusamo.fi\\\/wp-content\\\/uploads\\\/2021\\\/02\\\/prokuusamo_logo.jpg\",\"contentUrl\":\"https:\\\/\\\/prokuusamo.fi\\\/wp-content\\\/uploads\\\/2021\\\/02\\\/prokuusamo_logo.jpg\",\"width\":306,\"height\":600,\"caption\":\"Pro Kuusamo\"},\"image\":{\"@id\":\"https:\\\/\\\/prokuusamo.fi\\\/fr\\\/#\\\/schema\\\/logo\\\/image\\\/\"},\"sameAs\":[\"https:\\\/\\\/www.facebook.com\\\/prokuusamo\"]}]}<\/script>\n<!-- \/ Yoast SEO plugin. -->","yoast_head_json":{"title":"Soutenez nos activit\u00e9s! - Pro Kuusamo","robots":{"index":"index","follow":"follow","max-snippet":"max-snippet:-1","max-image-preview":"max-image-preview:large","max-video-preview":"max-video-preview:-1"},"canonical":"https:\/\/prokuusamo.fi\/fr\/soutenez-nos-activites\/","og_locale":"fr_FR","og_type":"article","og_title":"Soutenez nos activit\u00e9s! - Pro Kuusamo","og_description":"Soutenez nos activit\u00e9s! Oui! Je veux prot\u00e9ger la nature de Kuusamo! b\u00e9n\u00e9ficiaire: Pro Kuusamo Ry Association compte bancaire:\u00a0 FI52 5206 0920 0190 65 r\u00e9f\u00e9rence: 422141 permis de collecte de fonds (Finlande): RA\/2022\/1197 Adh\u00e9sion et dons\u00a0\u00e0 Pro Kuusamo Ry Le financement de notre association provient des cotisations des membres, de la collecte de fonds, des\u00a0dons et\u00a0ne [&hellip;]","og_url":"https:\/\/prokuusamo.fi\/fr\/soutenez-nos-activites\/","og_site_name":"Pro Kuusamo","article_publisher":"https:\/\/www.facebook.com\/prokuusamo","article_modified_time":"2024-05-14T12:53:43+00:00","twitter_card":"summary_large_image","twitter_misc":{"Dur\u00e9e de lecture estim\u00e9e":"2 minutes"},"schema":{"@context":"https:\/\/schema.org","@graph":[{"@type":"WebPage","@id":"https:\/\/prokuusamo.fi\/fr\/soutenez-nos-activites\/","url":"https:\/\/prokuusamo.fi\/fr\/soutenez-nos-activites\/","name":"Soutenez nos activit\u00e9s! - Pro Kuusamo","isPartOf":{"@id":"https:\/\/prokuusamo.fi\/fr\/#website"},"datePublished":"2021-02-16T08:12:03+00:00","dateModified":"2024-05-14T12:53:43+00:00","breadcrumb":{"@id":"https:\/\/prokuusamo.fi\/fr\/soutenez-nos-activites\/#breadcrumb"},"inLanguage":"fr-FR","potentialAction":[{"@type":"ReadAction","target":["https:\/\/prokuusamo.fi\/fr\/soutenez-nos-activites\/"]}]},{"@type":"BreadcrumbList","@id":"https:\/\/prokuusamo.fi\/fr\/soutenez-nos-activites\/#breadcrumb","itemListElement":[{"@type":"ListItem","position":1,"name":"Etusivu","item":"https:\/\/prokuusamo.fi\/fr\/"},{"@type":"ListItem","position":2,"name":"Soutenez nos activit\u00e9s!"}]},{"@type":"WebSite","@id":"https:\/\/prokuusamo.fi\/fr\/#website","url":"https:\/\/prokuusamo.fi\/fr\/","name":"Pro Kuusamo","description":"Kuusamo el\u00e4\u00e4 puhtaasta luonnosta","publisher":{"@id":"https:\/\/prokuusamo.fi\/fr\/#organization"},"potentialAction":[{"@type":"SearchAction","target":{"@type":"EntryPoint","urlTemplate":"https:\/\/prokuusamo.fi\/fr\/?s={search_term_string}"},"query-input":{"@type":"PropertyValueSpecification","valueRequired":true,"valueName":"search_term_string"}}],"inLanguage":"fr-FR"},{"@type":"Organization","@id":"https:\/\/prokuusamo.fi\/fr\/#organization","name":"Pro Kuusamo","url":"https:\/\/prokuusamo.fi\/fr\/","logo":{"@type":"ImageObject","inLanguage":"fr-FR","@id":"https:\/\/prokuusamo.fi\/fr\/#\/schema\/logo\/image\/","url":"https:\/\/prokuusamo.fi\/wp-content\/uploads\/2021\/02\/prokuusamo_logo.jpg","contentUrl":"https:\/\/prokuusamo.fi\/wp-content\/uploads\/2021\/02\/prokuusamo_logo.jpg","width":306,"height":600,"caption":"Pro Kuusamo"},"image":{"@id":"https:\/\/prokuusamo.fi\/fr\/#\/schema\/logo\/image\/"},"sameAs":["https:\/\/www.facebook.com\/prokuusamo"]}]}},"_links":{"self":[{"href":"https:\/\/prokuusamo.fi\/fr\/wp-json\/wp\/v2\/pages\/2942","targetHints":{"allow":["GET"]}}],"collection":[{"href":"https:\/\/prokuusamo.fi\/fr\/wp-json\/wp\/v2\/pages"}],"about":[{"href":"https:\/\/prokuusamo.fi\/fr\/wp-json\/wp\/v2\/types\/page"}],"author":[{"embeddable":true,"href":"https:\/\/prokuusamo.fi\/fr\/wp-json\/wp\/v2\/users\/1"}],"replies":[{"embeddable":true,"href":"https:\/\/prokuusamo.fi\/fr\/wp-json\/wp\/v2\/comments?post=2942"}],"version-history":[{"count":7,"href":"https:\/\/prokuusamo.fi\/fr\/wp-json\/wp\/v2\/pages\/2942\/revisions"}],"predecessor-version":[{"id":2961,"href":"https:\/\/prokuusamo.fi\/fr\/wp-json\/wp\/v2\/pages\/2942\/revisions\/2961"}],"wp:attachment":[{"href":"https:\/\/prokuusamo.fi\/fr\/wp-json\/wp\/v2\/media?parent=2942"}],"curies":[{"name":"wp","href":"https:\/\/api.w.org\/{rel}","templated":true}]}}