{"id":2955,"date":"2021-02-16T10:16:59","date_gmt":"2021-02-16T08:16:59","guid":{"rendered":"https:\/\/prokuusamo.fi\/association\/"},"modified":"2024-05-13T08:37:22","modified_gmt":"2024-05-13T05:37:22","slug":"association","status":"publish","type":"page","link":"https:\/\/prokuusamo.fi\/fr\/association\/","title":{"rendered":"Association"},"content":{"rendered":"<p><img decoding=\"async\" src=\"\/wp-content\/uploads\/2021\/02\/prokuusamo-valk_logo.png\" alt=\"Pro Kuusamo\"><\/p>\n<div>\n<p>Pro Kuusamo ry Association a pour le but le protection de la nature, des valeurs environmentales et culturelles de Kuusamo et ses communs avoisinantes.<\/p>\n<p>Pro Kuusamo ry veut pr\u00e9server Kuusamo en \u00e9tant le lieu o\u00f9 la nature pure est la source de revenus durables.<\/p>\n<p>Nous consid\u00e9rons cela comme un objectif pour une strat\u00e9gie\u00a0gagnante aujourd\u2019hui et demain, pour les futures g\u00e9n\u00e9rations.<\/p>\n<p>Pr\u00e9sident: Mr. Kari Miettunen<\/p>\n<p>Directeur ex\u00e9cutif: Mr. Jouni Hakola, nro t\u00e9l. +358 40 149 0002<\/p>\n<div>Pro Kuusamo ry<br \/>Code fiscal 2555066-6<br \/><a href=\"mailto:prokuusamo@prokuusamo.fi%C3%82\" target=\"_blank\" rel=\"noopener\"><span id=\"m_5389151746002070932gmail-cloak302a269d7ac218febfd64a927466cea3\">prokuusamo@<wbr \/>prokuusamo.fi<\/span><\/a><\/div>\n<div>Adresse postale: c\/o Eero Henttu<\/div>\n<div>Rukankyl\u00e4ntie 8,\u00a093830 Rukatunturi, Finland<\/div>\n<\/div>\n<p><!--more--><br \/>\n<!-- {\"type\":\"layout\",\"children\":[{\"type\":\"section\",\"props\":{\"height\":\"viewport\",\"height_offset_top\":true,\"height_viewport\":80,\"image\":\"wp-content\\\/uploads\\\/2021\\\/02\\\/keijolehtimaki-prokuusamo-5.jpg\",\"image_position\":\"center-center\",\"image_size\":\"cover\",\"padding\":\"large\",\"style\":\"default\",\"text_color\":\"light\",\"title_breakpoint\":\"xl\",\"title_position\":\"top-left\",\"title_rotation\":\"left\",\"vertical_align\":\"middle\",\"width\":\"default\"},\"children\":[{\"type\":\"row\",\"children\":[{\"type\":\"column\",\"props\":{\"image_position\":\"center-center\",\"position_sticky_breakpoint\":\"m\"},\"children\":[{\"type\":\"image\",\"props\":{\"image\":\"wp-content\\\/uploads\\\/2021\\\/02\\\/prokuusamo-valk_logo.png\",\"image_alt\":\"Pro Kuusamo\",\"image_height\":\"250\",\"image_svg_color\":\"emphasis\",\"margin\":\"default\",\"text_align\":\"center\"}}]}]}]},{\"type\":\"section\",\"props\":{\"image_position\":\"center-center\",\"padding\":\"none\",\"style\":\"muted\",\"title_breakpoint\":\"xl\",\"title_position\":\"top-left\",\"title_rotation\":\"left\",\"vertical_align\":\"middle\",\"width\":\"\"},\"children\":[{\"type\":\"row\",\"children\":[{\"type\":\"column\",\"props\":{\"image\":\"wp-content\\\/uploads\\\/2021\\\/02\\\/tykyt-prokuusamo-4.jpg\",\"image_position\":\"center-center\",\"image_size\":\"cover\",\"position_sticky_breakpoint\":\"m\",\"style\":\"tile-default\",\"vertical_align\":\"middle\",\"width_medium\":\"1-3\"}},{\"type\":\"column\",\"props\":{\"image_position\":\"center-center\",\"padding\":\"large\",\"position_sticky_breakpoint\":\"m\",\"preserve_color\":true,\"style\":\"tile-primary\",\"vertical_align\":\"middle\",\"width_medium\":\"2-3\"},\"children\":[{\"type\":\"text\",\"props\":{\"block_align\":\"center\",\"column_breakpoint\":\"m\",\"content\":\"\n\n<p>Pro Kuusamo ry Association a pour le but le protection de la nature, des valeurs environmentales et culturelles de Kuusamo et ses communs avoisinantes.<\\\/p>\\n\n\n<p>Pro Kuusamo ry veut pr\\u00e9server Kuusamo en \\u00e9tant le lieu o\\u00f9 la nature pure est la source de revenus durables.<\\\/p>\\n\n\n<p>Nous consid\\u00e9rons cela comme un objectif pour une strat\\u00e9gie\\u00a0gagnante aujourd\\u2019hui et demain, pour les futures g\\u00e9n\\u00e9rations.<\\\/p>\\n\n\n<p>Pr\\u00e9sident: Mr. Kari Miettunen<\\\/p>\\n\n\n<p>Directeur ex\\u00e9cutif: Mr. Jouni Hakola, nro t\\u00e9l. +358 40 149 0002<\\\/p>\\n\n\n<div>Pro Kuusamo ry<br \\\/>Code fiscal 2555066-6<br \\\/><a href=\\\"mailto:prokuusamo@prokuusamo.fi%C3%82\\\" target=\\\"_blank\\\" rel=\\\"noopener\\\"><span id=\\\"m_5389151746002070932gmail-cloak302a269d7ac218febfd64a927466cea3\\\">prokuusamo@<wbr \\\/>prokuusamo.fi<\\\/span><\\\/a><\\\/div>\\n\n\n<div>Adresse postale: c\\\/o Eero Henttu<\\\/div>\\n\n\n<div>Rukankyl\\u00e4ntie 8,\\u00a093830 Rukatunturi, Finland<\\\/div>\",\"margin\":\"default\"}}]}],\"props\":{\"column_gap\":\"collapse\",\"layout\":\"1-3,2-3\",\"margin\":\"default\",\"row_gap\":\"collapse\"}}]}],\"version\":\"4.3.13\"} --><\/p>\n","protected":false},"excerpt":{"rendered":"<p>Pro Kuusamo ry Association a pour le but le protection de la nature, des valeurs environmentales et culturelles de Kuusamo et ses communs avoisinantes. Pro Kuusamo ry veut pr\u00e9server Kuusamo en \u00e9tant le lieu o\u00f9 la nature pure est la source de revenus durables. Nous consid\u00e9rons cela comme un objectif pour une strat\u00e9gie\u00a0gagnante aujourd\u2019hui et [&hellip;]<\/p>\n","protected":false},"author":1,"featured_media":0,"parent":0,"menu_order":0,"comment_status":"closed","ping_status":"closed","template":"","meta":{"footnotes":""},"class_list":["post-2955","page","type-page","status-publish","hentry"],"yoast_head":"<!-- This site is optimized with the Yoast SEO plugin v27.3 - https:\/\/yoast.com\/product\/yoast-seo-wordpress\/ -->\n<title>Association - Pro Kuusamo<\/title>\n<meta name=\"robots\" content=\"index, follow, max-snippet:-1, max-image-preview:large, max-video-preview:-1\" \/>\n<link rel=\"canonical\" href=\"https:\/\/prokuusamo.fi\/fr\/association\/\" \/>\n<meta property=\"og:locale\" content=\"fr_FR\" \/>\n<meta property=\"og:type\" content=\"article\" \/>\n<meta property=\"og:title\" content=\"Association - Pro Kuusamo\" \/>\n<meta property=\"og:description\" content=\"Pro Kuusamo ry Association a pour le but le protection de la nature, des valeurs environmentales et culturelles de Kuusamo et ses communs avoisinantes. Pro Kuusamo ry veut pr\u00e9server Kuusamo en \u00e9tant le lieu o\u00f9 la nature pure est la source de revenus durables. Nous consid\u00e9rons cela comme un objectif pour une strat\u00e9gie\u00a0gagnante aujourd\u2019hui et [&hellip;]\" \/>\n<meta property=\"og:url\" content=\"https:\/\/prokuusamo.fi\/fr\/association\/\" \/>\n<meta property=\"og:site_name\" content=\"Pro Kuusamo\" \/>\n<meta property=\"article:publisher\" content=\"https:\/\/www.facebook.com\/prokuusamo\" \/>\n<meta property=\"article:modified_time\" content=\"2024-05-13T05:37:22+00:00\" \/>\n<meta name=\"twitter:card\" content=\"summary_large_image\" \/>\n<script type=\"application\/ld+json\" class=\"yoast-schema-graph\">{\"@context\":\"https:\\\/\\\/schema.org\",\"@graph\":[{\"@type\":\"WebPage\",\"@id\":\"https:\\\/\\\/prokuusamo.fi\\\/fr\\\/association\\\/\",\"url\":\"https:\\\/\\\/prokuusamo.fi\\\/fr\\\/association\\\/\",\"name\":\"Association - Pro Kuusamo\",\"isPartOf\":{\"@id\":\"https:\\\/\\\/prokuusamo.fi\\\/fr\\\/#website\"},\"datePublished\":\"2021-02-16T08:16:59+00:00\",\"dateModified\":\"2024-05-13T05:37:22+00:00\",\"breadcrumb\":{\"@id\":\"https:\\\/\\\/prokuusamo.fi\\\/fr\\\/association\\\/#breadcrumb\"},\"inLanguage\":\"fr-FR\",\"potentialAction\":[{\"@type\":\"ReadAction\",\"target\":[\"https:\\\/\\\/prokuusamo.fi\\\/fr\\\/association\\\/\"]}]},{\"@type\":\"BreadcrumbList\",\"@id\":\"https:\\\/\\\/prokuusamo.fi\\\/fr\\\/association\\\/#breadcrumb\",\"itemListElement\":[{\"@type\":\"ListItem\",\"position\":1,\"name\":\"Etusivu\",\"item\":\"https:\\\/\\\/prokuusamo.fi\\\/fr\\\/\"},{\"@type\":\"ListItem\",\"position\":2,\"name\":\"Association\"}]},{\"@type\":\"WebSite\",\"@id\":\"https:\\\/\\\/prokuusamo.fi\\\/fr\\\/#website\",\"url\":\"https:\\\/\\\/prokuusamo.fi\\\/fr\\\/\",\"name\":\"Pro Kuusamo\",\"description\":\"Kuusamo el\u00e4\u00e4 puhtaasta luonnosta\",\"publisher\":{\"@id\":\"https:\\\/\\\/prokuusamo.fi\\\/fr\\\/#organization\"},\"potentialAction\":[{\"@type\":\"SearchAction\",\"target\":{\"@type\":\"EntryPoint\",\"urlTemplate\":\"https:\\\/\\\/prokuusamo.fi\\\/fr\\\/?s={search_term_string}\"},\"query-input\":{\"@type\":\"PropertyValueSpecification\",\"valueRequired\":true,\"valueName\":\"search_term_string\"}}],\"inLanguage\":\"fr-FR\"},{\"@type\":\"Organization\",\"@id\":\"https:\\\/\\\/prokuusamo.fi\\\/fr\\\/#organization\",\"name\":\"Pro Kuusamo\",\"url\":\"https:\\\/\\\/prokuusamo.fi\\\/fr\\\/\",\"logo\":{\"@type\":\"ImageObject\",\"inLanguage\":\"fr-FR\",\"@id\":\"https:\\\/\\\/prokuusamo.fi\\\/fr\\\/#\\\/schema\\\/logo\\\/image\\\/\",\"url\":\"https:\\\/\\\/prokuusamo.fi\\\/wp-content\\\/uploads\\\/2021\\\/02\\\/prokuusamo_logo.jpg\",\"contentUrl\":\"https:\\\/\\\/prokuusamo.fi\\\/wp-content\\\/uploads\\\/2021\\\/02\\\/prokuusamo_logo.jpg\",\"width\":306,\"height\":600,\"caption\":\"Pro Kuusamo\"},\"image\":{\"@id\":\"https:\\\/\\\/prokuusamo.fi\\\/fr\\\/#\\\/schema\\\/logo\\\/image\\\/\"},\"sameAs\":[\"https:\\\/\\\/www.facebook.com\\\/prokuusamo\"]}]}<\/script>\n<!-- \/ Yoast SEO plugin. -->","yoast_head_json":{"title":"Association - Pro Kuusamo","robots":{"index":"index","follow":"follow","max-snippet":"max-snippet:-1","max-image-preview":"max-image-preview:large","max-video-preview":"max-video-preview:-1"},"canonical":"https:\/\/prokuusamo.fi\/fr\/association\/","og_locale":"fr_FR","og_type":"article","og_title":"Association - Pro Kuusamo","og_description":"Pro Kuusamo ry Association a pour le but le protection de la nature, des valeurs environmentales et culturelles de Kuusamo et ses communs avoisinantes. Pro Kuusamo ry veut pr\u00e9server Kuusamo en \u00e9tant le lieu o\u00f9 la nature pure est la source de revenus durables. Nous consid\u00e9rons cela comme un objectif pour une strat\u00e9gie\u00a0gagnante aujourd\u2019hui et [&hellip;]","og_url":"https:\/\/prokuusamo.fi\/fr\/association\/","og_site_name":"Pro Kuusamo","article_publisher":"https:\/\/www.facebook.com\/prokuusamo","article_modified_time":"2024-05-13T05:37:22+00:00","twitter_card":"summary_large_image","schema":{"@context":"https:\/\/schema.org","@graph":[{"@type":"WebPage","@id":"https:\/\/prokuusamo.fi\/fr\/association\/","url":"https:\/\/prokuusamo.fi\/fr\/association\/","name":"Association - Pro Kuusamo","isPartOf":{"@id":"https:\/\/prokuusamo.fi\/fr\/#website"},"datePublished":"2021-02-16T08:16:59+00:00","dateModified":"2024-05-13T05:37:22+00:00","breadcrumb":{"@id":"https:\/\/prokuusamo.fi\/fr\/association\/#breadcrumb"},"inLanguage":"fr-FR","potentialAction":[{"@type":"ReadAction","target":["https:\/\/prokuusamo.fi\/fr\/association\/"]}]},{"@type":"BreadcrumbList","@id":"https:\/\/prokuusamo.fi\/fr\/association\/#breadcrumb","itemListElement":[{"@type":"ListItem","position":1,"name":"Etusivu","item":"https:\/\/prokuusamo.fi\/fr\/"},{"@type":"ListItem","position":2,"name":"Association"}]},{"@type":"WebSite","@id":"https:\/\/prokuusamo.fi\/fr\/#website","url":"https:\/\/prokuusamo.fi\/fr\/","name":"Pro Kuusamo","description":"Kuusamo el\u00e4\u00e4 puhtaasta luonnosta","publisher":{"@id":"https:\/\/prokuusamo.fi\/fr\/#organization"},"potentialAction":[{"@type":"SearchAction","target":{"@type":"EntryPoint","urlTemplate":"https:\/\/prokuusamo.fi\/fr\/?s={search_term_string}"},"query-input":{"@type":"PropertyValueSpecification","valueRequired":true,"valueName":"search_term_string"}}],"inLanguage":"fr-FR"},{"@type":"Organization","@id":"https:\/\/prokuusamo.fi\/fr\/#organization","name":"Pro Kuusamo","url":"https:\/\/prokuusamo.fi\/fr\/","logo":{"@type":"ImageObject","inLanguage":"fr-FR","@id":"https:\/\/prokuusamo.fi\/fr\/#\/schema\/logo\/image\/","url":"https:\/\/prokuusamo.fi\/wp-content\/uploads\/2021\/02\/prokuusamo_logo.jpg","contentUrl":"https:\/\/prokuusamo.fi\/wp-content\/uploads\/2021\/02\/prokuusamo_logo.jpg","width":306,"height":600,"caption":"Pro Kuusamo"},"image":{"@id":"https:\/\/prokuusamo.fi\/fr\/#\/schema\/logo\/image\/"},"sameAs":["https:\/\/www.facebook.com\/prokuusamo"]}]}},"_links":{"self":[{"href":"https:\/\/prokuusamo.fi\/fr\/wp-json\/wp\/v2\/pages\/2955","targetHints":{"allow":["GET"]}}],"collection":[{"href":"https:\/\/prokuusamo.fi\/fr\/wp-json\/wp\/v2\/pages"}],"about":[{"href":"https:\/\/prokuusamo.fi\/fr\/wp-json\/wp\/v2\/types\/page"}],"author":[{"embeddable":true,"href":"https:\/\/prokuusamo.fi\/fr\/wp-json\/wp\/v2\/users\/1"}],"replies":[{"embeddable":true,"href":"https:\/\/prokuusamo.fi\/fr\/wp-json\/wp\/v2\/comments?post=2955"}],"version-history":[{"count":2,"href":"https:\/\/prokuusamo.fi\/fr\/wp-json\/wp\/v2\/pages\/2955\/revisions"}],"predecessor-version":[{"id":2957,"href":"https:\/\/prokuusamo.fi\/fr\/wp-json\/wp\/v2\/pages\/2955\/revisions\/2957"}],"wp:attachment":[{"href":"https:\/\/prokuusamo.fi\/fr\/wp-json\/wp\/v2\/media?parent=2955"}],"curies":[{"name":"wp","href":"https:\/\/api.w.org\/{rel}","templated":true}]}}